{"id":309,"date":"2024-03-02T18:18:34","date_gmt":"2024-03-02T18:18:34","guid":{"rendered":"https:\/\/mbarchi.com\/?page_id=309"},"modified":"2025-05-17T22:31:10","modified_gmt":"2025-05-17T22:31:10","slug":"projects","status":"publish","type":"page","link":"https:\/\/mbarchi.com\/fr\/projects\/","title":{"rendered":"Projets"},"content":{"rendered":"<div data-elementor-type=\"wp-page\" data-elementor-id=\"309\" class=\"elementor elementor-309\">\n\t\t\t\t\t\t<section class=\"elementor-section elementor-top-section elementor-element elementor-element-88f9631 elementor-section-boxed elementor-section-height-default elementor-section-height-default\" data-id=\"88f9631\" data-element_type=\"section\" data-e-type=\"section\" data-settings=\"{&quot;ekit_has_onepagescroll_dot&quot;:&quot;yes&quot;}\">\n\t\t\t\t\t\t<div class=\"elementor-container elementor-column-gap-default\">\n\t\t\t\t\t<div class=\"elementor-column elementor-col-100 elementor-top-column elementor-element elementor-element-4ee5dc3\" data-id=\"4ee5dc3\" data-element_type=\"column\" data-e-type=\"column\">\n\t\t\t<div class=\"elementor-widget-wrap\">\n\t\t\t\t\t\t\t<\/div>\n\t\t<\/div>\n\t\t\t\t\t<\/div>\n\t\t<\/section>\n\t\t\t\t<section class=\"elementor-section elementor-top-section elementor-element elementor-element-87da3b0 elementor-section-full_width elementor-section-height-default elementor-section-height-default\" data-id=\"87da3b0\" data-element_type=\"section\" data-e-type=\"section\" data-settings=\"{&quot;ekit_has_onepagescroll_dot&quot;:&quot;yes&quot;}\">\n\t\t\t\t\t\t<div class=\"elementor-container elementor-column-gap-default\">\n\t\t\t\t\t<div class=\"elementor-column elementor-col-100 elementor-top-column elementor-element elementor-element-2da7c78\" data-id=\"2da7c78\" data-element_type=\"column\" data-e-type=\"column\">\n\t\t\t<div class=\"elementor-widget-wrap elementor-element-populated\">\n\t\t\t\t\t\t<div class=\"elementor-element elementor-element-ef11868 elementor-widget elementor-widget-heading\" data-id=\"ef11868\" data-element_type=\"widget\" data-e-type=\"widget\" data-settings=\"{&quot;ekit_we_effect_on&quot;:&quot;none&quot;}\" data-widget_type=\"heading.default\">\n\t\t\t\t<div class=\"elementor-widget-container\">\n\t\t\t\t\t<h2 class=\"elementor-heading-title elementor-size-default\">Derniers projets<\/h2>\t\t\t\t<\/div>\n\t\t\t\t<\/div>\n\t\t\t\t<div class=\"elementor-element elementor-element-1a60cbb elementor-widget elementor-widget-text-editor\" data-id=\"1a60cbb\" data-element_type=\"widget\" data-e-type=\"widget\" data-settings=\"{&quot;ekit_we_effect_on&quot;:&quot;none&quot;}\" data-widget_type=\"text-editor.default\">\n\t\t\t\t<div class=\"elementor-widget-container\">\n\t\t\t\t\t\t\t\t\t<p>Chaque projet est un d\u00e9fi, grand ou petit, il est trait\u00e9 avec le m\u00eame enthousiasme et le m\u00eame s\u00e9rieux que la tradition de faire ce travail.<\/p>\t\t\t\t\t\t\t\t<\/div>\n\t\t\t\t<\/div>\n\t\t\t\t<div class=\"elementor-element elementor-element-01d7d89 elementor-grid-3 elementor-grid-tablet-2 elementor-grid-mobile-1 elementor-widget elementor-widget-portfolio\" data-id=\"01d7d89\" data-element_type=\"widget\" data-e-type=\"widget\" data-settings=\"{&quot;row_gap&quot;:{&quot;unit&quot;:&quot;px&quot;,&quot;size&quot;:4,&quot;sizes&quot;:[]},&quot;masonry&quot;:&quot;yes&quot;,&quot;columns&quot;:&quot;3&quot;,&quot;columns_tablet&quot;:&quot;2&quot;,&quot;columns_mobile&quot;:&quot;1&quot;,&quot;item_gap&quot;:{&quot;unit&quot;:&quot;px&quot;,&quot;size&quot;:&quot;&quot;,&quot;sizes&quot;:[]},&quot;ekit_we_effect_on&quot;:&quot;none&quot;}\" data-widget_type=\"portfolio.default\">\n\t\t\t\t<div class=\"elementor-widget-container\">\n\t\t\t\t\t\t\t<ul class=\"elementor-portfolio__filters\">\n\t\t\t<li class=\"elementor-portfolio__filter elementor-active\" data-filter=\"__all\">All<\/li>\n\t\t\t\t\t\t\t<li class=\"elementor-portfolio__filter\" data-filter=\"23\">COMMERCES<\/li>\n\t\t\t\t\t\t\t<li class=\"elementor-portfolio__filter\" data-filter=\"24\">ENSEGNEMLENT<\/li>\n\t\t\t\t\t\t\t<li class=\"elementor-portfolio__filter\" data-filter=\"25\">HOTELS<\/li>\n\t\t\t\t\t\t\t<li class=\"elementor-portfolio__filter\" data-filter=\"27\">DESIGN D'INTERIEUR<\/li>\n\t\t\t\t\t\t\t<li class=\"elementor-portfolio__filter\" data-filter=\"28\">TERTIAIRE<\/li>\n\t\t\t\t\t\t\t<li class=\"elementor-portfolio__filter\" data-filter=\"29\">RESIDENTIEL<\/li>\n\t\t\t\t\t<\/ul>\n\t\t\t\t<div class=\"elementor-portfolio elementor-grid elementor-posts-container\">\n\t\t\t\t<article class=\"elementor-portfolio-item elementor-post elementor-filter-23 elementor-filter-29 post-3088 post type-post status-publish format-standard has-post-thumbnail hentry category-commercial category-residential\">\n\t\t\t<a class=\"elementor-post__thumbnail__link\" href=\"https:\/\/mbarchi.com\/fr\/villa\/\">\n\t\t\t\t<div class=\"elementor-portfolio-item__img elementor-post__thumbnail\">\n\t\t\t<img fetchpriority=\"high\" decoding=\"async\" width=\"1280\" height=\"720\" src=\"https:\/\/mbarchi.com\/wp-content\/uploads\/2024\/04\/V2_VUE_02-e1712100072570.jpg\" class=\"attachment-full size-full wp-image-3092\" alt=\"\" \/>\t\t<\/div>\n\t\t\t\t<div class=\"elementor-portfolio-item__overlay\">\n\t\t\t\t<\/div>\n\t\t\t\t<\/a>\n\t\t<\/article>\n\t\t\t\t<article class=\"elementor-portfolio-item elementor-post elementor-filter-23 elementor-filter-27 post-2916 post type-post status-publish format-standard has-post-thumbnail hentry category-commercial category-interior-design\">\n\t\t\t<a class=\"elementor-post__thumbnail__link\" href=\"https:\/\/mbarchi.com\/fr\/showroom\/\">\n\t\t\t\t<div class=\"elementor-portfolio-item__img elementor-post__thumbnail\">\n\t\t\t<img decoding=\"async\" width=\"1764\" height=\"976\" src=\"https:\/\/mbarchi.com\/wp-content\/uploads\/2024\/03\/SHOWROOM-1.jpg\" class=\"attachment-full size-full wp-image-3059\" alt=\"\" srcset=\"https:\/\/mbarchi.com\/wp-content\/uploads\/2024\/03\/SHOWROOM-1.jpg 1764w, https:\/\/mbarchi.com\/wp-content\/uploads\/2024\/03\/SHOWROOM-1-300x166.jpg 300w, https:\/\/mbarchi.com\/wp-content\/uploads\/2024\/03\/SHOWROOM-1-1024x567.jpg 1024w, https:\/\/mbarchi.com\/wp-content\/uploads\/2024\/03\/SHOWROOM-1-768x425.jpg 768w, https:\/\/mbarchi.com\/wp-content\/uploads\/2024\/03\/SHOWROOM-1-1536x850.jpg 1536w, https:\/\/mbarchi.com\/wp-content\/uploads\/2024\/03\/SHOWROOM-1-18x10.jpg 18w\" sizes=\"(max-width: 1764px) 100vw, 1764px\" \/>\t\t<\/div>\n\t\t\t\t<div class=\"elementor-portfolio-item__overlay\">\n\t\t\t\t<\/div>\n\t\t\t\t<\/a>\n\t\t<\/article>\n\t\t\t\t<article class=\"elementor-portfolio-item elementor-post elementor-filter-29 post-2909 post type-post status-publish format-standard has-post-thumbnail hentry category-residential\">\n\t\t\t<a class=\"elementor-post__thumbnail__link\" href=\"https:\/\/mbarchi.com\/fr\/vacation-club\/\">\n\t\t\t\t<div class=\"elementor-portfolio-item__img elementor-post__thumbnail\">\n\t\t\t<img decoding=\"async\" width=\"1920\" height=\"1080\" src=\"https:\/\/mbarchi.com\/wp-content\/uploads\/2024\/03\/CLUB-DE-VACANCES-1-min-scaled-1.webp\" class=\"attachment-full size-full wp-image-577\" alt=\"\" srcset=\"https:\/\/mbarchi.com\/wp-content\/uploads\/2024\/03\/CLUB-DE-VACANCES-1-min-scaled-1.webp 1920w, https:\/\/mbarchi.com\/wp-content\/uploads\/2024\/03\/CLUB-DE-VACANCES-1-min-scaled-1-300x169.webp 300w, https:\/\/mbarchi.com\/wp-content\/uploads\/2024\/03\/CLUB-DE-VACANCES-1-min-scaled-1-1024x576.webp 1024w, https:\/\/mbarchi.com\/wp-content\/uploads\/2024\/03\/CLUB-DE-VACANCES-1-min-scaled-1-768x432.webp 768w, https:\/\/mbarchi.com\/wp-content\/uploads\/2024\/03\/CLUB-DE-VACANCES-1-min-scaled-1-1536x864.webp 1536w\" sizes=\"(max-width: 1920px) 100vw, 1920px\" \/>\t\t<\/div>\n\t\t\t\t<div class=\"elementor-portfolio-item__overlay\">\n\t\t\t\t<\/div>\n\t\t\t\t<\/a>\n\t\t<\/article>\n\t\t\t\t<article class=\"elementor-portfolio-item elementor-post elementor-filter-25 post-2918 post type-post status-publish format-standard has-post-thumbnail hentry category-hotels\">\n\t\t\t<a class=\"elementor-post__thumbnail__link\" href=\"https:\/\/mbarchi.com\/fr\/hotel\/\">\n\t\t\t\t<div class=\"elementor-portfolio-item__img elementor-post__thumbnail\">\n\t\t\t<img loading=\"lazy\" decoding=\"async\" width=\"1920\" height=\"1080\" src=\"https:\/\/mbarchi.com\/wp-content\/uploads\/2024\/03\/HOTEL-MELLOUSSA-2-scaled-2.webp\" class=\"attachment-full size-full wp-image-571\" alt=\"\" srcset=\"https:\/\/mbarchi.com\/wp-content\/uploads\/2024\/03\/HOTEL-MELLOUSSA-2-scaled-2.webp 1920w, https:\/\/mbarchi.com\/wp-content\/uploads\/2024\/03\/HOTEL-MELLOUSSA-2-scaled-2-300x169.webp 300w, https:\/\/mbarchi.com\/wp-content\/uploads\/2024\/03\/HOTEL-MELLOUSSA-2-scaled-2-1024x576.webp 1024w, https:\/\/mbarchi.com\/wp-content\/uploads\/2024\/03\/HOTEL-MELLOUSSA-2-scaled-2-768x432.webp 768w, https:\/\/mbarchi.com\/wp-content\/uploads\/2024\/03\/HOTEL-MELLOUSSA-2-scaled-2-1536x864.webp 1536w\" sizes=\"(max-width: 1920px) 100vw, 1920px\" \/>\t\t<\/div>\n\t\t\t\t<div class=\"elementor-portfolio-item__overlay\">\n\t\t\t\t<\/div>\n\t\t\t\t<\/a>\n\t\t<\/article>\n\t\t\t\t<article class=\"elementor-portfolio-item elementor-post elementor-filter-28 post-3014 post type-post status-publish format-standard has-post-thumbnail hentry category-offices\">\n\t\t\t<a class=\"elementor-post__thumbnail__link\" href=\"https:\/\/mbarchi.com\/fr\/administrative-building-expansion\/\">\n\t\t\t\t<div class=\"elementor-portfolio-item__img elementor-post__thumbnail\">\n\t\t\t<img loading=\"lazy\" decoding=\"async\" width=\"1280\" height=\"720\" src=\"https:\/\/mbarchi.com\/wp-content\/uploads\/2024\/03\/CRIE-DE-TANGER-2-1-scaled-e1711637043989.jpg\" class=\"attachment-full size-full wp-image-953\" alt=\"\" \/>\t\t<\/div>\n\t\t\t\t<div class=\"elementor-portfolio-item__overlay\">\n\t\t\t\t<\/div>\n\t\t\t\t<\/a>\n\t\t<\/article>\n\t\t\t\t<article class=\"elementor-portfolio-item elementor-post elementor-filter-28 post-2912 post type-post status-publish format-standard has-post-thumbnail hentry category-offices\">\n\t\t\t<a class=\"elementor-post__thumbnail__link\" href=\"https:\/\/mbarchi.com\/fr\/administrative-building\/\">\n\t\t\t\t<div class=\"elementor-portfolio-item__img elementor-post__thumbnail\">\n\t\t\t<img loading=\"lazy\" decoding=\"async\" width=\"1640\" height=\"923\" src=\"https:\/\/mbarchi.com\/wp-content\/uploads\/2024\/03\/ANNEXE-ADMINISTRATIVE-1.webp\" class=\"attachment-full size-full wp-image-581\" alt=\"\" srcset=\"https:\/\/mbarchi.com\/wp-content\/uploads\/2024\/03\/ANNEXE-ADMINISTRATIVE-1.webp 1640w, https:\/\/mbarchi.com\/wp-content\/uploads\/2024\/03\/ANNEXE-ADMINISTRATIVE-1-300x169.webp 300w, https:\/\/mbarchi.com\/wp-content\/uploads\/2024\/03\/ANNEXE-ADMINISTRATIVE-1-1024x576.webp 1024w, https:\/\/mbarchi.com\/wp-content\/uploads\/2024\/03\/ANNEXE-ADMINISTRATIVE-1-768x432.webp 768w, https:\/\/mbarchi.com\/wp-content\/uploads\/2024\/03\/ANNEXE-ADMINISTRATIVE-1-1536x864.webp 1536w\" sizes=\"(max-width: 1640px) 100vw, 1640px\" \/>\t\t<\/div>\n\t\t\t\t<div class=\"elementor-portfolio-item__overlay\">\n\t\t\t\t<\/div>\n\t\t\t\t<\/a>\n\t\t<\/article>\n\t\t\t\t<article class=\"elementor-portfolio-item elementor-post elementor-filter-24 post-2993 post type-post status-publish format-standard has-post-thumbnail hentry category-education\">\n\t\t\t<a class=\"elementor-post__thumbnail__link\" href=\"https:\/\/mbarchi.com\/fr\/high-school-2\/\">\n\t\t\t\t<div class=\"elementor-portfolio-item__img elementor-post__thumbnail\">\n\t\t\t<img loading=\"lazy\" decoding=\"async\" width=\"1280\" height=\"720\" src=\"https:\/\/mbarchi.com\/wp-content\/uploads\/2024\/03\/LYCEE-1-scaled-e1711710764898.jpg\" class=\"attachment-full size-full wp-image-682\" alt=\"\" \/>\t\t<\/div>\n\t\t\t\t<div class=\"elementor-portfolio-item__overlay\">\n\t\t\t\t<\/div>\n\t\t\t\t<\/a>\n\t\t<\/article>\n\t\t\t\t<article class=\"elementor-portfolio-item elementor-post elementor-filter-24 post-2905 post type-post status-publish format-standard has-post-thumbnail hentry category-education\">\n\t\t\t<a class=\"elementor-post__thumbnail__link\" href=\"https:\/\/mbarchi.com\/fr\/primary-school\/\">\n\t\t\t\t<div class=\"elementor-portfolio-item__img elementor-post__thumbnail\">\n\t\t\t<img loading=\"lazy\" decoding=\"async\" width=\"1280\" height=\"719\" src=\"https:\/\/mbarchi.com\/wp-content\/uploads\/2024\/03\/ecole-primaire-e1711710783888.webp\" class=\"attachment-full size-full wp-image-585\" alt=\"\" \/>\t\t<\/div>\n\t\t\t\t<div class=\"elementor-portfolio-item__overlay\">\n\t\t\t\t<\/div>\n\t\t\t\t<\/a>\n\t\t<\/article>\n\t\t\t\t<article class=\"elementor-portfolio-item elementor-post elementor-filter-29 post-2914 post type-post status-publish format-standard has-post-thumbnail hentry category-residential\">\n\t\t\t<a class=\"elementor-post__thumbnail__link\" href=\"https:\/\/mbarchi.com\/fr\/high-school\/\">\n\t\t\t\t<div class=\"elementor-portfolio-item__img elementor-post__thumbnail\">\n\t\t\t<img loading=\"lazy\" decoding=\"async\" width=\"1280\" height=\"677\" src=\"https:\/\/mbarchi.com\/wp-content\/uploads\/2024\/03\/COMPLEXE-VILLAS-2-e1711710143780.jpg\" class=\"attachment-full size-full wp-image-2970\" alt=\"\" \/>\t\t<\/div>\n\t\t\t\t<div class=\"elementor-portfolio-item__overlay\">\n\t\t\t\t<\/div>\n\t\t\t\t<\/a>\n\t\t<\/article>\n\t\t\t\t<article class=\"elementor-portfolio-item elementor-post elementor-filter-29 post-2936 post type-post status-publish format-standard has-post-thumbnail hentry category-residential\">\n\t\t\t<a class=\"elementor-post__thumbnail__link\" href=\"https:\/\/mbarchi.com\/fr\/official-housing\/\">\n\t\t\t\t<div class=\"elementor-portfolio-item__img elementor-post__thumbnail\">\n\t\t\t<img loading=\"lazy\" decoding=\"async\" width=\"1920\" height=\"1080\" src=\"https:\/\/mbarchi.com\/wp-content\/uploads\/2024\/03\/LOGEMENT-DE-FONCTION-3-scaled-1.webp\" class=\"attachment-full size-full wp-image-106\" alt=\"\" srcset=\"https:\/\/mbarchi.com\/wp-content\/uploads\/2024\/03\/LOGEMENT-DE-FONCTION-3-scaled-1.webp 1920w, https:\/\/mbarchi.com\/wp-content\/uploads\/2024\/03\/LOGEMENT-DE-FONCTION-3-scaled-1-300x169.webp 300w, https:\/\/mbarchi.com\/wp-content\/uploads\/2024\/03\/LOGEMENT-DE-FONCTION-3-scaled-1-1024x576.webp 1024w, https:\/\/mbarchi.com\/wp-content\/uploads\/2024\/03\/LOGEMENT-DE-FONCTION-3-scaled-1-768x432.webp 768w, https:\/\/mbarchi.com\/wp-content\/uploads\/2024\/03\/LOGEMENT-DE-FONCTION-3-scaled-1-1536x864.webp 1536w\" sizes=\"(max-width: 1920px) 100vw, 1920px\" \/>\t\t<\/div>\n\t\t\t\t<div class=\"elementor-portfolio-item__overlay\">\n\t\t\t\t<\/div>\n\t\t\t\t<\/a>\n\t\t<\/article>\n\t\t\t\t<article class=\"elementor-portfolio-item elementor-post elementor-filter-23 elementor-filter-29 post-2938 post type-post status-publish format-standard has-post-thumbnail hentry category-commercial category-residential\">\n\t\t\t<a class=\"elementor-post__thumbnail__link\" href=\"https:\/\/mbarchi.com\/fr\/residence-building\/\">\n\t\t\t\t<div class=\"elementor-portfolio-item__img elementor-post__thumbnail\">\n\t\t\t<img loading=\"lazy\" decoding=\"async\" width=\"1280\" height=\"720\" src=\"https:\/\/mbarchi.com\/wp-content\/uploads\/2024\/03\/IMMEUBLE-RESIDENCE-3-scaled-e1711710467167.jpg\" class=\"attachment-full size-full wp-image-2942\" alt=\"\" \/>\t\t<\/div>\n\t\t\t\t<div class=\"elementor-portfolio-item__overlay\">\n\t\t\t\t<\/div>\n\t\t\t\t<\/a>\n\t\t<\/article>\n\t\t\t\t<article class=\"elementor-portfolio-item elementor-post elementor-filter-23 elementor-filter-29 post-2925 post type-post status-publish format-standard has-post-thumbnail hentry category-commercial category-residential\">\n\t\t\t<a class=\"elementor-post__thumbnail__link\" href=\"https:\/\/mbarchi.com\/fr\/residence-and-shopping-center\/\">\n\t\t\t\t<div class=\"elementor-portfolio-item__img elementor-post__thumbnail\">\n\t\t\t<img loading=\"lazy\" decoding=\"async\" width=\"1280\" height=\"720\" src=\"https:\/\/mbarchi.com\/wp-content\/uploads\/2024\/03\/COMPLEXE-ZIATEN-3-scaled-e1711710503624.jpg\" class=\"attachment-full size-full wp-image-2929\" alt=\"\" \/>\t\t<\/div>\n\t\t\t\t<div class=\"elementor-portfolio-item__overlay\">\n\t\t\t\t<\/div>\n\t\t\t\t<\/a>\n\t\t<\/article>\n\t\t\t\t<article class=\"elementor-portfolio-item elementor-post elementor-filter-23 elementor-filter-27 post-2891 post type-post status-publish format-standard has-post-thumbnail hentry category-commercial category-interior-design\">\n\t\t\t<a class=\"elementor-post__thumbnail__link\" href=\"https:\/\/mbarchi.com\/fr\/cosmetics-distribution-center\/\">\n\t\t\t\t<div class=\"elementor-portfolio-item__img elementor-post__thumbnail\">\n\t\t\t<img loading=\"lazy\" decoding=\"async\" width=\"1280\" height=\"720\" src=\"https:\/\/mbarchi.com\/wp-content\/uploads\/2024\/03\/VUE_03-e1711710683572.jpg\" class=\"attachment-full size-full wp-image-831\" alt=\"\" \/>\t\t<\/div>\n\t\t\t\t<div class=\"elementor-portfolio-item__overlay\">\n\t\t\t\t<\/div>\n\t\t\t\t<\/a>\n\t\t<\/article>\n\t\t\t\t<article class=\"elementor-portfolio-item elementor-post elementor-filter-23 elementor-filter-27 post-2230 post type-post status-publish format-standard has-post-thumbnail hentry category-commercial category-interior-design\">\n\t\t\t<a class=\"elementor-post__thumbnail__link\" href=\"https:\/\/mbarchi.com\/fr\/projet-01\/\">\n\t\t\t\t<div class=\"elementor-portfolio-item__img elementor-post__thumbnail\">\n\t\t\t<img loading=\"lazy\" decoding=\"async\" width=\"1280\" height=\"720\" src=\"https:\/\/mbarchi.com\/wp-content\/uploads\/2024\/03\/GAL-SPA-3-scaled-e1711710734542.jpg\" class=\"attachment-full size-full wp-image-808\" alt=\"\" \/>\t\t<\/div>\n\t\t\t\t<div class=\"elementor-portfolio-item__overlay\">\n\t\t\t\t<\/div>\n\t\t\t\t<\/a>\n\t\t<\/article>\n\t\t\t\t<\/div>\n\t\t\t\t\t\t<\/div>\n\t\t\t\t<\/div>\n\t\t\t\t\t<\/div>\n\t\t<\/div>\n\t\t\t\t\t<\/div>\n\t\t<\/section>\n\t\t\t\t<section class=\"elementor-section elementor-top-section elementor-element elementor-element-ad3c1d5 elementor-section-full_width elementor-section-height-default elementor-section-height-default\" data-id=\"ad3c1d5\" data-element_type=\"section\" data-e-type=\"section\" data-settings=\"{&quot;ekit_has_onepagescroll_dot&quot;:&quot;yes&quot;}\">\n\t\t\t\t\t\t\t<div class=\"elementor-background-overlay\"><\/div>\n\t\t\t\t\t\t\t<div class=\"elementor-container elementor-column-gap-default\">\n\t\t\t\t\t<div class=\"elementor-column elementor-col-100 elementor-top-column elementor-element elementor-element-d9a3218\" data-id=\"d9a3218\" data-element_type=\"column\" data-e-type=\"column\">\n\t\t\t<div class=\"elementor-widget-wrap\">\n\t\t\t\t\t\t\t<\/div>\n\t\t<\/div>\n\t\t\t\t\t<\/div>\n\t\t<\/section>\n\t\t\t\t<\/div>","protected":false},"excerpt":{"rendered":"<p>Latest Projects Each project is a challenge, large or small, it is treated with the same enthusiasm and seriousness that [&hellip;]<\/p>\n","protected":false},"author":1,"featured_media":0,"parent":0,"menu_order":0,"comment_status":"closed","ping_status":"closed","template":"","meta":{"site-sidebar-layout":"no-sidebar","site-content-layout":"","ast-site-content-layout":"full-width-container","site-content-style":"default","site-sidebar-style":"default","ast-global-header-display":"","ast-banner-title-visibility":"","ast-main-header-display":"","ast-hfb-above-header-display":"","ast-hfb-below-header-display":"","ast-hfb-mobile-header-display":"","site-post-title":"disabled","ast-breadcrumbs-content":"","ast-featured-img":"disabled","footer-sml-layout":"","ast-disable-related-posts":"","theme-transparent-header-meta":"","adv-header-id-meta":"","stick-header-meta":"","header-above-stick-meta":"","header-main-stick-meta":"","header-below-stick-meta":"","astra-migrate-meta-layouts":"default","ast-page-background-enabled":"default","ast-page-background-meta":{"desktop":{"background-color":"var(--ast-global-color-4)","background-image":"","background-repeat":"repeat","background-position":"center center","background-size":"auto","background-attachment":"scroll","background-type":"","background-media":"","overlay-type":"","overlay-color":"","overlay-opacity":"","overlay-gradient":""},"tablet":{"background-color":"","background-image":"","background-repeat":"repeat","background-position":"center center","background-size":"auto","background-attachment":"scroll","background-type":"","background-media":"","overlay-type":"","overlay-color":"","overlay-opacity":"","overlay-gradient":""},"mobile":{"background-color":"","background-image":"","background-repeat":"repeat","background-position":"center center","background-size":"auto","background-attachment":"scroll","background-type":"","background-media":"","overlay-type":"","overlay-color":"","overlay-opacity":"","overlay-gradient":""}},"ast-content-background-meta":{"desktop":{"background-color":"var(--ast-global-color-5)","background-image":"","background-repeat":"repeat","background-position":"center center","background-size":"auto","background-attachment":"scroll","background-type":"","background-media":"","overlay-type":"","overlay-color":"","overlay-opacity":"","overlay-gradient":""},"tablet":{"background-color":"var(--ast-global-color-5)","background-image":"","background-repeat":"repeat","background-position":"center center","background-size":"auto","background-attachment":"scroll","background-type":"","background-media":"","overlay-type":"","overlay-color":"","overlay-opacity":"","overlay-gradient":""},"mobile":{"background-color":"var(--ast-global-color-5)","background-image":"","background-repeat":"repeat","background-position":"center center","background-size":"auto","background-attachment":"scroll","background-type":"","background-media":"","overlay-type":"","overlay-color":"","overlay-opacity":"","overlay-gradient":""}},"pgc_sgb_lightbox_settings":"","footnotes":""},"class_list":["post-309","page","type-page","status-publish","hentry"],"_links":{"self":[{"href":"https:\/\/mbarchi.com\/fr\/wp-json\/wp\/v2\/pages\/309","targetHints":{"allow":["GET"]}}],"collection":[{"href":"https:\/\/mbarchi.com\/fr\/wp-json\/wp\/v2\/pages"}],"about":[{"href":"https:\/\/mbarchi.com\/fr\/wp-json\/wp\/v2\/types\/page"}],"author":[{"embeddable":true,"href":"https:\/\/mbarchi.com\/fr\/wp-json\/wp\/v2\/users\/1"}],"replies":[{"embeddable":true,"href":"https:\/\/mbarchi.com\/fr\/wp-json\/wp\/v2\/comments?post=309"}],"version-history":[{"count":93,"href":"https:\/\/mbarchi.com\/fr\/wp-json\/wp\/v2\/pages\/309\/revisions"}],"predecessor-version":[{"id":3150,"href":"https:\/\/mbarchi.com\/fr\/wp-json\/wp\/v2\/pages\/309\/revisions\/3150"}],"wp:attachment":[{"href":"https:\/\/mbarchi.com\/fr\/wp-json\/wp\/v2\/media?parent=309"}],"curies":[{"name":"wp","href":"https:\/\/api.w.org\/{rel}","templated":true}]}}